{"id":391,"date":"2014-05-05T12:58:28","date_gmt":"2014-05-05T10:58:28","guid":{"rendered":"http:\/\/blog.e-zajezdy.cz\/?page_id=391"},"modified":"2019-02-06T13:47:40","modified_gmt":"2019-02-06T12:47:40","slug":"sledujte-nas","status":"publish","type":"page","link":"https:\/\/www.e-zajezdy.cz\/blog\/sledujte-nas\/","title":{"rendered":"Sledujte n\u00e1s"},"content":{"rendered":"<p><img loading=\"lazy\" decoding=\"async\" src=\"https:\/\/www.e-zajezdy.cz\/blog\/wp-content\/uploads\/2014\/05\/budte-ve-spojeni-300x291.jpg\" alt=\"budte-ve-spojeni\" width=\"300\" height=\"291\" class=\"alignleft size-medium wp-image-424\" srcset=\"https:\/\/www.e-zajezdy.cz\/blog\/wp-content\/uploads\/2014\/05\/budte-ve-spojeni-300x291.jpg 300w, https:\/\/www.e-zajezdy.cz\/blog\/wp-content\/uploads\/2014\/05\/budte-ve-spojeni.jpg 500w\" sizes=\"auto, (max-width: 300px) 100vw, 300px\" \/><\/p>\n<p>Mezi dal\u0161\u00ed slu\u017eby, kde lze sledovat novinky blogu e-zajezdy.cz, pat\u0159\u00ed<\/p>\n<p><a href=\"https:\/\/del.icio.us\/ezajezdycz\" rel=\"nofollow\">Delicious<\/a><br \/>\n<a href=\"https:\/\/www.diigo.com\/user\/ezajezdycz\" rel=\"nofollow\">Diigo<\/a><br \/>\n<a href=\"https:\/\/www.facebook.com\/ezajezdy.cz\" rel=\"nofollow\">Facebook<\/a><br \/>\n<a href=\"http:\/\/ezajezdycz.livejournal.com\/\" rel=\"nofollow\">LiveJournal<\/a><br \/>\n<a href=\"http:\/\/www.scoop.it\/t\/ezajezdycz\" rel=\"nofollow\">ScoopIt<\/a><br \/>\n<a href=\"http:\/\/ezajezdycz.soup.io\/\" rel=\"nofollow\">Soup.IO<\/a><br \/>\n<a href=\"https:\/\/twitter.com\/ezajezdycz\" rel=\"nofollow\">Twitter<\/a><\/p>\n","protected":false},"excerpt":{"rendered":"<p>Mezi dal\u0161\u00ed slu\u017eby, kde lze sledovat novinky blogu e-zajezdy.cz, pat\u0159\u00ed Delicious Diigo Facebook LiveJournal ScoopIt Soup.IO Twitter<\/p>\n","protected":false},"author":1,"featured_media":0,"parent":0,"menu_order":0,"comment_status":"closed","ping_status":"closed","template":"","meta":{"footnotes":""},"class_list":["post-391","page","type-page","status-publish","hentry"],"_links":{"self":[{"href":"https:\/\/www.e-zajezdy.cz\/blog\/wp-json\/wp\/v2\/pages\/391","targetHints":{"allow":["GET"]}}],"collection":[{"href":"https:\/\/www.e-zajezdy.cz\/blog\/wp-json\/wp\/v2\/pages"}],"about":[{"href":"https:\/\/www.e-zajezdy.cz\/blog\/wp-json\/wp\/v2\/types\/page"}],"author":[{"embeddable":true,"href":"https:\/\/www.e-zajezdy.cz\/blog\/wp-json\/wp\/v2\/users\/1"}],"replies":[{"embeddable":true,"href":"https:\/\/www.e-zajezdy.cz\/blog\/wp-json\/wp\/v2\/comments?post=391"}],"version-history":[{"count":12,"href":"https:\/\/www.e-zajezdy.cz\/blog\/wp-json\/wp\/v2\/pages\/391\/revisions"}],"predecessor-version":[{"id":1710,"href":"https:\/\/www.e-zajezdy.cz\/blog\/wp-json\/wp\/v2\/pages\/391\/revisions\/1710"}],"wp:attachment":[{"href":"https:\/\/www.e-zajezdy.cz\/blog\/wp-json\/wp\/v2\/media?parent=391"}],"curies":[{"name":"wp","href":"https:\/\/api.w.org\/{rel}","templated":true}]}}